{"id":141,"date":"2022-11-09T22:47:30","date_gmt":"2022-11-09T19:47:30","guid":{"rendered":"https:\/\/www.buleks.com\/?page_id=141"},"modified":"2025-07-17T20:55:11","modified_gmt":"2025-07-17T17:55:11","slug":"anasayfa","status":"publish","type":"page","link":"https:\/\/www.buleks.com\/","title":{"rendered":"ANASAYFA"},"content":{"rendered":"\n<div class=\"wp-block-cover aligncenter\"><img loading=\"lazy\" decoding=\"async\" width=\"690\" height=\"431\" class=\"wp-block-cover__image-background wp-image-591\" alt=\"\" src=\"https:\/\/www.buleks.com\/wp-content\/uploads\/2022\/11\/BULEKS-GIDA-ISRAFINI-ONLUYOR-edited.jpg\" data-object-fit=\"cover\" srcset=\"https:\/\/www.buleks.com\/wp-content\/uploads\/2022\/11\/BULEKS-GIDA-ISRAFINI-ONLUYOR-edited.jpg 690w, https:\/\/www.buleks.com\/wp-content\/uploads\/2022\/11\/BULEKS-GIDA-ISRAFINI-ONLUYOR-edited-300x187.jpg 300w\" sizes=\"auto, (max-width: 690px) 100vw, 690px\" \/><span aria-hidden=\"true\" class=\"wp-block-cover__background has-background-dim\"><\/span><div class=\"wp-block-cover__inner-container is-layout-flow wp-block-cover-is-layout-flow\">\n<p class=\"has-text-align-center has-large-font-size\">DE\u011eERLEND\u0130REMED\u0130\u011e\u0130N\u0130Z \u00dcR\u00dcNLER \u0130\u00c7\u0130N B\u0130Z\u0130 ARAYIN B\u0130Z DE\u011eERLEND\u0130REL\u0130M HEM S\u0130Z KAZANIN HEMDE \u00dcLKE EKONOM\u0130S\u0130 KAZANSIN.GIDA \u0130SRAFINI BERABER \u00d6NLEYEL\u0130M&#8230;<\/p>\n<\/div><\/div>\n\n\n\n<p><\/p>\n","protected":false},"excerpt":{"rendered":"","protected":false},"author":1,"featured_media":0,"parent":0,"menu_order":0,"comment_status":"closed","ping_status":"closed","template":"page-templates\/page-full-width.php","meta":{"footnotes":""},"class_list":["post-141","page","type-page","status-publish","hentry"],"yoast_head":"<!-- This site is optimized with the Yoast SEO plugin v27.4 - https:\/\/yoast.com\/product\/yoast-seo-wordpress\/ -->\n<title>ANASAYFA - BULEKS<\/title>\n<meta name=\"robots\" content=\"index, follow, max-snippet:-1, max-image-preview:large, max-video-preview:-1\" \/>\n<link rel=\"canonical\" href=\"https:\/\/www.buleks.com\/\" \/>\n<meta property=\"og:locale\" content=\"tr_TR\" \/>\n<meta property=\"og:type\" content=\"article\" \/>\n<meta property=\"og:title\" content=\"ANASAYFA - BULEKS\" \/>\n<meta property=\"og:url\" content=\"https:\/\/www.buleks.com\/\" \/>\n<meta property=\"og:site_name\" content=\"BULEKS\" \/>\n<meta property=\"article:modified_time\" content=\"2025-07-17T17:55:11+00:00\" \/>\n<meta property=\"og:image\" content=\"https:\/\/www.buleks.com\/wp-content\/uploads\/2022\/11\/BULEKS-GIDA-ISRAFINI-ONLUYOR-edited.jpg\" \/>\n\t<meta property=\"og:image:width\" content=\"690\" \/>\n\t<meta property=\"og:image:height\" content=\"431\" \/>\n\t<meta property=\"og:image:type\" content=\"image\/jpeg\" \/>\n<meta name=\"twitter:card\" content=\"summary_large_image\" \/>\n<meta name=\"twitter:label1\" content=\"Tahmini okuma s\u00fcresi\" \/>\n\t<meta name=\"twitter:data1\" content=\"1 dakika\" \/>\n<script type=\"application\/ld+json\" class=\"yoast-schema-graph\">{\"@context\":\"https:\\\/\\\/schema.org\",\"@graph\":[{\"@type\":\"WebPage\",\"@id\":\"https:\\\/\\\/www.buleks.com\\\/\",\"url\":\"https:\\\/\\\/www.buleks.com\\\/\",\"name\":\"ANASAYFA - BULEKS\",\"isPartOf\":{\"@id\":\"https:\\\/\\\/www.buleks.com\\\/#website\"},\"primaryImageOfPage\":{\"@id\":\"https:\\\/\\\/www.buleks.com\\\/#primaryimage\"},\"image\":{\"@id\":\"https:\\\/\\\/www.buleks.com\\\/#primaryimage\"},\"thumbnailUrl\":\"https:\\\/\\\/www.buleks.com\\\/wp-content\\\/uploads\\\/2022\\\/11\\\/BULEKS-GIDA-ISRAFINI-ONLUYOR-edited.jpg\",\"datePublished\":\"2022-11-09T19:47:30+00:00\",\"dateModified\":\"2025-07-17T17:55:11+00:00\",\"breadcrumb\":{\"@id\":\"https:\\\/\\\/www.buleks.com\\\/#breadcrumb\"},\"inLanguage\":\"tr\",\"potentialAction\":[{\"@type\":\"ReadAction\",\"target\":[\"https:\\\/\\\/www.buleks.com\\\/\"]}]},{\"@type\":\"ImageObject\",\"inLanguage\":\"tr\",\"@id\":\"https:\\\/\\\/www.buleks.com\\\/#primaryimage\",\"url\":\"https:\\\/\\\/www.buleks.com\\\/wp-content\\\/uploads\\\/2022\\\/11\\\/BULEKS-GIDA-ISRAFINI-ONLUYOR-edited.jpg\",\"contentUrl\":\"https:\\\/\\\/www.buleks.com\\\/wp-content\\\/uploads\\\/2022\\\/11\\\/BULEKS-GIDA-ISRAFINI-ONLUYOR-edited.jpg\",\"width\":690,\"height\":431},{\"@type\":\"BreadcrumbList\",\"@id\":\"https:\\\/\\\/www.buleks.com\\\/#breadcrumb\",\"itemListElement\":[{\"@type\":\"ListItem\",\"position\":1,\"name\":\"Anasayfa\",\"item\":\"https:\\\/\\\/www.buleks.com\\\/\"},{\"@type\":\"ListItem\",\"position\":2,\"name\":\"ANASAYFA\"}]},{\"@type\":\"WebSite\",\"@id\":\"https:\\\/\\\/www.buleks.com\\\/#website\",\"url\":\"https:\\\/\\\/www.buleks.com\\\/\",\"name\":\"BULEKS\",\"description\":\"\",\"publisher\":{\"@id\":\"https:\\\/\\\/www.buleks.com\\\/#organization\"},\"potentialAction\":[{\"@type\":\"SearchAction\",\"target\":{\"@type\":\"EntryPoint\",\"urlTemplate\":\"https:\\\/\\\/www.buleks.com\\\/?s={search_term_string}\"},\"query-input\":{\"@type\":\"PropertyValueSpecification\",\"valueRequired\":true,\"valueName\":\"search_term_string\"}}],\"inLanguage\":\"tr\"},{\"@type\":\"Organization\",\"@id\":\"https:\\\/\\\/www.buleks.com\\\/#organization\",\"name\":\"BULEKS\",\"url\":\"https:\\\/\\\/www.buleks.com\\\/\",\"logo\":{\"@type\":\"ImageObject\",\"inLanguage\":\"tr\",\"@id\":\"https:\\\/\\\/www.buleks.com\\\/#\\\/schema\\\/logo\\\/image\\\/\",\"url\":\"https:\\\/\\\/www.buleks.com\\\/wp-content\\\/uploads\\\/2022\\\/11\\\/cropped-Buleks-Imza-Golge.png\",\"contentUrl\":\"https:\\\/\\\/www.buleks.com\\\/wp-content\\\/uploads\\\/2022\\\/11\\\/cropped-Buleks-Imza-Golge.png\",\"width\":153,\"height\":113,\"caption\":\"BULEKS\"},\"image\":{\"@id\":\"https:\\\/\\\/www.buleks.com\\\/#\\\/schema\\\/logo\\\/image\\\/\"}}]}<\/script>\n<!-- \/ Yoast SEO plugin. -->","yoast_head_json":{"title":"ANASAYFA - BULEKS","robots":{"index":"index","follow":"follow","max-snippet":"max-snippet:-1","max-image-preview":"max-image-preview:large","max-video-preview":"max-video-preview:-1"},"canonical":"https:\/\/www.buleks.com\/","og_locale":"tr_TR","og_type":"article","og_title":"ANASAYFA - BULEKS","og_url":"https:\/\/www.buleks.com\/","og_site_name":"BULEKS","article_modified_time":"2025-07-17T17:55:11+00:00","og_image":[{"width":690,"height":431,"url":"https:\/\/www.buleks.com\/wp-content\/uploads\/2022\/11\/BULEKS-GIDA-ISRAFINI-ONLUYOR-edited.jpg","type":"image\/jpeg"}],"twitter_card":"summary_large_image","twitter_misc":{"Tahmini okuma s\u00fcresi":"1 dakika"},"schema":{"@context":"https:\/\/schema.org","@graph":[{"@type":"WebPage","@id":"https:\/\/www.buleks.com\/","url":"https:\/\/www.buleks.com\/","name":"ANASAYFA - BULEKS","isPartOf":{"@id":"https:\/\/www.buleks.com\/#website"},"primaryImageOfPage":{"@id":"https:\/\/www.buleks.com\/#primaryimage"},"image":{"@id":"https:\/\/www.buleks.com\/#primaryimage"},"thumbnailUrl":"https:\/\/www.buleks.com\/wp-content\/uploads\/2022\/11\/BULEKS-GIDA-ISRAFINI-ONLUYOR-edited.jpg","datePublished":"2022-11-09T19:47:30+00:00","dateModified":"2025-07-17T17:55:11+00:00","breadcrumb":{"@id":"https:\/\/www.buleks.com\/#breadcrumb"},"inLanguage":"tr","potentialAction":[{"@type":"ReadAction","target":["https:\/\/www.buleks.com\/"]}]},{"@type":"ImageObject","inLanguage":"tr","@id":"https:\/\/www.buleks.com\/#primaryimage","url":"https:\/\/www.buleks.com\/wp-content\/uploads\/2022\/11\/BULEKS-GIDA-ISRAFINI-ONLUYOR-edited.jpg","contentUrl":"https:\/\/www.buleks.com\/wp-content\/uploads\/2022\/11\/BULEKS-GIDA-ISRAFINI-ONLUYOR-edited.jpg","width":690,"height":431},{"@type":"BreadcrumbList","@id":"https:\/\/www.buleks.com\/#breadcrumb","itemListElement":[{"@type":"ListItem","position":1,"name":"Anasayfa","item":"https:\/\/www.buleks.com\/"},{"@type":"ListItem","position":2,"name":"ANASAYFA"}]},{"@type":"WebSite","@id":"https:\/\/www.buleks.com\/#website","url":"https:\/\/www.buleks.com\/","name":"BULEKS","description":"","publisher":{"@id":"https:\/\/www.buleks.com\/#organization"},"potentialAction":[{"@type":"SearchAction","target":{"@type":"EntryPoint","urlTemplate":"https:\/\/www.buleks.com\/?s={search_term_string}"},"query-input":{"@type":"PropertyValueSpecification","valueRequired":true,"valueName":"search_term_string"}}],"inLanguage":"tr"},{"@type":"Organization","@id":"https:\/\/www.buleks.com\/#organization","name":"BULEKS","url":"https:\/\/www.buleks.com\/","logo":{"@type":"ImageObject","inLanguage":"tr","@id":"https:\/\/www.buleks.com\/#\/schema\/logo\/image\/","url":"https:\/\/www.buleks.com\/wp-content\/uploads\/2022\/11\/cropped-Buleks-Imza-Golge.png","contentUrl":"https:\/\/www.buleks.com\/wp-content\/uploads\/2022\/11\/cropped-Buleks-Imza-Golge.png","width":153,"height":113,"caption":"BULEKS"},"image":{"@id":"https:\/\/www.buleks.com\/#\/schema\/logo\/image\/"}}]}},"_links":{"self":[{"href":"https:\/\/www.buleks.com\/index.php?rest_route=\/wp\/v2\/pages\/141","targetHints":{"allow":["GET"]}}],"collection":[{"href":"https:\/\/www.buleks.com\/index.php?rest_route=\/wp\/v2\/pages"}],"about":[{"href":"https:\/\/www.buleks.com\/index.php?rest_route=\/wp\/v2\/types\/page"}],"author":[{"embeddable":true,"href":"https:\/\/www.buleks.com\/index.php?rest_route=\/wp\/v2\/users\/1"}],"replies":[{"embeddable":true,"href":"https:\/\/www.buleks.com\/index.php?rest_route=%2Fwp%2Fv2%2Fcomments&post=141"}],"version-history":[{"count":33,"href":"https:\/\/www.buleks.com\/index.php?rest_route=\/wp\/v2\/pages\/141\/revisions"}],"predecessor-version":[{"id":990,"href":"https:\/\/www.buleks.com\/index.php?rest_route=\/wp\/v2\/pages\/141\/revisions\/990"}],"wp:attachment":[{"href":"https:\/\/www.buleks.com\/index.php?rest_route=%2Fwp%2Fv2%2Fmedia&parent=141"}],"curies":[{"name":"wp","href":"https:\/\/api.w.org\/{rel}","templated":true}]}}