{"id":58,"date":"2022-11-09T20:32:57","date_gmt":"2022-11-09T20:32:57","guid":{"rendered":"https:\/\/www.buleks.com\/?page_id=58"},"modified":"2025-10-24T14:33:33","modified_gmt":"2025-10-24T11:33:33","slug":"basin","status":"publish","type":"page","link":"https:\/\/www.buleks.com\/?page_id=58","title":{"rendered":"E-T\u0130CARET"},"content":{"rendered":"\n<div class=\"wp-block-media-text is-stacked-on-mobile\" style=\"grid-template-columns:32% auto\"><figure class=\"wp-block-media-text__media\"><img loading=\"lazy\" decoding=\"async\" width=\"760\" height=\"430\" src=\"https:\/\/www.buleks.com\/wp-content\/uploads\/2022\/11\/EN-MODA-SEYLER.png\" alt=\"\" class=\"wp-image-742 size-full\" srcset=\"https:\/\/www.buleks.com\/wp-content\/uploads\/2022\/11\/EN-MODA-SEYLER.png 760w, https:\/\/www.buleks.com\/wp-content\/uploads\/2022\/11\/EN-MODA-SEYLER-300x170.png 300w\" sizes=\"auto, (max-width: 760px) 100vw, 760px\" \/><\/figure><div class=\"wp-block-media-text__content\">\n<p class=\"has-small-font-size\"><strong>2018 Y\u0131l\u0131nda ba\u015flad\u0131\u011f\u0131m\u0131z e-ticaret yolculu\u011fumuzda enmodaseyler markam\u0131zla b\u00fcy\u00fcyoruz. T\u00fcrkiye\u2019nin en b\u00fcy\u00fck markalar\u0131 ile \u00e7al\u0131\u015f\u0131yoruz. T\u00fcrkiye\u2019nin en b\u00fcy\u00fck pazaryerlerinde ma\u011fazalar\u0131m\u0131z var.<\/strong><\/p>\n<\/div><\/div>\n\n\n\n<div class=\"wp-block-columns is-layout-flex wp-container-core-columns-is-layout-9d6595d7 wp-block-columns-is-layout-flex\">\n<div class=\"wp-block-column is-layout-flow wp-block-column-is-layout-flow\"><div class=\"wp-block-image\">\n<figure class=\"alignleft size-full\"><img loading=\"lazy\" decoding=\"async\" width=\"369\" height=\"183\" src=\"https:\/\/www.buleks.com\/wp-content\/uploads\/2025\/03\/PTT-AVM-LOGO.png\" alt=\"\" class=\"wp-image-954\" srcset=\"https:\/\/www.buleks.com\/wp-content\/uploads\/2025\/03\/PTT-AVM-LOGO.png 369w, https:\/\/www.buleks.com\/wp-content\/uploads\/2025\/03\/PTT-AVM-LOGO-300x149.png 300w, https:\/\/www.buleks.com\/wp-content\/uploads\/2025\/03\/PTT-AVM-LOGO-50x25.png 50w\" sizes=\"auto, (max-width: 369px) 100vw, 369px\" \/><\/figure>\n<\/div><\/div>\n\n\n\n<div class=\"wp-block-column is-layout-flow wp-block-column-is-layout-flow\"><div class=\"wp-block-image\">\n<figure class=\"aligncenter size-full is-resized\"><img loading=\"lazy\" decoding=\"async\" width=\"300\" height=\"183\" src=\"https:\/\/www.buleks.com\/wp-content\/uploads\/2025\/03\/HEPSIBURADA-LOGO.webp\" alt=\"\" class=\"wp-image-958\" style=\"width:216px;height:auto\" srcset=\"https:\/\/www.buleks.com\/wp-content\/uploads\/2025\/03\/HEPSIBURADA-LOGO.webp 300w, https:\/\/www.buleks.com\/wp-content\/uploads\/2025\/03\/HEPSIBURADA-LOGO-50x31.webp 50w\" sizes=\"auto, (max-width: 300px) 100vw, 300px\" \/><\/figure>\n<\/div><\/div>\n\n\n\n<div class=\"wp-block-column is-layout-flow wp-block-column-is-layout-flow\"><div class=\"wp-block-image\">\n<figure class=\"alignright size-full is-resized\"><img loading=\"lazy\" decoding=\"async\" width=\"315\" height=\"183\" src=\"https:\/\/www.buleks.com\/wp-content\/uploads\/2025\/03\/PAZARAMA-LOGO.png\" alt=\"\" class=\"wp-image-956\" style=\"width:191px;height:auto\" srcset=\"https:\/\/www.buleks.com\/wp-content\/uploads\/2025\/03\/PAZARAMA-LOGO.png 315w, https:\/\/www.buleks.com\/wp-content\/uploads\/2025\/03\/PAZARAMA-LOGO-300x174.png 300w, https:\/\/www.buleks.com\/wp-content\/uploads\/2025\/03\/PAZARAMA-LOGO-50x29.png 50w\" sizes=\"auto, (max-width: 315px) 100vw, 315px\" \/><\/figure>\n<\/div><\/div>\n<\/div>\n\n\n\n<div class=\"wp-block-columns is-layout-flex wp-container-core-columns-is-layout-9d6595d7 wp-block-columns-is-layout-flex\">\n<div class=\"wp-block-column is-layout-flow wp-block-column-is-layout-flow\"><div class=\"wp-block-image\">\n<figure class=\"alignleft size-full is-resized\"><img loading=\"lazy\" decoding=\"async\" width=\"244\" height=\"183\" src=\"https:\/\/www.buleks.com\/wp-content\/uploads\/2025\/03\/CICEKSEPETI-LOGO.jpg\" alt=\"\" class=\"wp-image-962\" style=\"width:188px;height:auto\" srcset=\"https:\/\/www.buleks.com\/wp-content\/uploads\/2025\/03\/CICEKSEPETI-LOGO.jpg 244w, https:\/\/www.buleks.com\/wp-content\/uploads\/2025\/03\/CICEKSEPETI-LOGO-50x38.jpg 50w\" sizes=\"auto, (max-width: 244px) 100vw, 244px\" \/><\/figure>\n<\/div><\/div>\n\n\n\n<div class=\"wp-block-column is-layout-flow wp-block-column-is-layout-flow\"><div class=\"wp-block-image\">\n<figure class=\"aligncenter size-full is-resized\"><img loading=\"lazy\" decoding=\"async\" width=\"309\" height=\"183\" src=\"https:\/\/www.buleks.com\/wp-content\/uploads\/2025\/03\/N11-LOGO-1.jpg\" alt=\"\" class=\"wp-image-963\" style=\"width:208px;height:auto\" srcset=\"https:\/\/www.buleks.com\/wp-content\/uploads\/2025\/03\/N11-LOGO-1.jpg 309w, https:\/\/www.buleks.com\/wp-content\/uploads\/2025\/03\/N11-LOGO-1-300x178.jpg 300w, https:\/\/www.buleks.com\/wp-content\/uploads\/2025\/03\/N11-LOGO-1-50x30.jpg 50w\" sizes=\"auto, (max-width: 309px) 100vw, 309px\" \/><\/figure>\n<\/div><\/div>\n\n\n\n<div class=\"wp-block-column is-layout-flow wp-block-column-is-layout-flow\"><div class=\"wp-block-image\">\n<figure class=\"aligncenter size-full is-resized\"><img loading=\"lazy\" decoding=\"async\" width=\"183\" height=\"183\" src=\"https:\/\/www.buleks.com\/wp-content\/uploads\/2025\/03\/TRENDYOL-LOGO.jpg\" alt=\"\" class=\"wp-image-964\" style=\"width:137px;height:auto\" srcset=\"https:\/\/www.buleks.com\/wp-content\/uploads\/2025\/03\/TRENDYOL-LOGO.jpg 183w, https:\/\/www.buleks.com\/wp-content\/uploads\/2025\/03\/TRENDYOL-LOGO-150x150.jpg 150w, https:\/\/www.buleks.com\/wp-content\/uploads\/2025\/03\/TRENDYOL-LOGO-50x50.jpg 50w\" sizes=\"auto, (max-width: 183px) 100vw, 183px\" \/><\/figure>\n<\/div><\/div>\n<\/div>\n\n\n\n<p class=\"has-text-align-center has-medium-font-size\"><strong>MA\u011eAZALARIMIZA YUKARIDAK\u0130 LOGOLARA TIKLAYARAK ULA\u015eAB\u0130L\u0130RS\u0130N\u0130Z&#8230;&#8230;.<\/strong><\/p>\n\n\n\n<p><\/p>\n\n\n\n<p><\/p>\n","protected":false},"excerpt":{"rendered":"<p>2018 Y\u0131l\u0131nda ba\u015flad\u0131\u011f\u0131m\u0131z e-ticaret yolculu\u011fumuzda enmodaseyler markam\u0131zla b\u00fcy\u00fcyoruz. T\u00fcrkiye\u2019nin en b\u00fcy\u00fck markalar\u0131 ile \u00e7al\u0131\u015f\u0131yoruz. T\u00fcrkiye\u2019nin en b\u00fcy\u00fck pazaryerlerinde ma\u011fazalar\u0131m\u0131z var. MA\u011eAZALARIMIZA YUKARIDAK\u0130 LOGOLARA TIKLAYARAK ULA\u015eAB\u0130L\u0130RS\u0130N\u0130Z&#8230;&#8230;.<\/p>\n","protected":false},"author":1,"featured_media":0,"parent":0,"menu_order":0,"comment_status":"closed","ping_status":"closed","template":"","meta":{"footnotes":""},"class_list":["post-58","page","type-page","status-publish","hentry"],"yoast_head":"<!-- This site is optimized with the Yoast SEO plugin v27.6 - https:\/\/yoast.com\/product\/yoast-seo-wordpress\/ -->\n<title>E-T\u0130CARET - BULEKS<\/title>\n<meta name=\"robots\" content=\"index, follow, max-snippet:-1, max-image-preview:large, max-video-preview:-1\" \/>\n<link rel=\"canonical\" href=\"https:\/\/www.buleks.com\/?page_id=58\" \/>\n<meta property=\"og:locale\" content=\"tr_TR\" \/>\n<meta property=\"og:type\" content=\"article\" \/>\n<meta property=\"og:title\" content=\"E-T\u0130CARET - BULEKS\" \/>\n<meta property=\"og:description\" content=\"2018 Y\u0131l\u0131nda ba\u015flad\u0131\u011f\u0131m\u0131z e-ticaret yolculu\u011fumuzda enmodaseyler markam\u0131zla b\u00fcy\u00fcyoruz. T\u00fcrkiye\u2019nin en b\u00fcy\u00fck markalar\u0131 ile \u00e7al\u0131\u015f\u0131yoruz. T\u00fcrkiye\u2019nin en b\u00fcy\u00fck pazaryerlerinde ma\u011fazalar\u0131m\u0131z var. MA\u011eAZALARIMIZA YUKARIDAK\u0130 LOGOLARA TIKLAYARAK ULA\u015eAB\u0130L\u0130RS\u0130N\u0130Z&#8230;&#8230;.\" \/>\n<meta property=\"og:url\" content=\"https:\/\/www.buleks.com\/?page_id=58\" \/>\n<meta property=\"og:site_name\" content=\"BULEKS\" \/>\n<meta property=\"article:modified_time\" content=\"2025-10-24T11:33:33+00:00\" \/>\n<meta property=\"og:image\" content=\"https:\/\/www.buleks.com\/wp-content\/uploads\/2022\/11\/EN-MODA-SEYLER.png\" \/>\n\t<meta property=\"og:image:width\" content=\"760\" \/>\n\t<meta property=\"og:image:height\" content=\"430\" \/>\n\t<meta property=\"og:image:type\" content=\"image\/png\" \/>\n<meta name=\"twitter:card\" content=\"summary_large_image\" \/>\n<meta name=\"twitter:label1\" content=\"Tahmini okuma s\u00fcresi\" \/>\n\t<meta name=\"twitter:data1\" content=\"2 dakika\" \/>\n<script type=\"application\/ld+json\" class=\"yoast-schema-graph\">{\"@context\":\"https:\\\/\\\/schema.org\",\"@graph\":[{\"@type\":\"WebPage\",\"@id\":\"https:\\\/\\\/www.buleks.com\\\/?page_id=58\",\"url\":\"https:\\\/\\\/www.buleks.com\\\/?page_id=58\",\"name\":\"E-T\u0130CARET - BULEKS\",\"isPartOf\":{\"@id\":\"https:\\\/\\\/www.buleks.com\\\/#website\"},\"primaryImageOfPage\":{\"@id\":\"https:\\\/\\\/www.buleks.com\\\/?page_id=58#primaryimage\"},\"image\":{\"@id\":\"https:\\\/\\\/www.buleks.com\\\/?page_id=58#primaryimage\"},\"thumbnailUrl\":\"https:\\\/\\\/www.buleks.com\\\/wp-content\\\/uploads\\\/2022\\\/11\\\/EN-MODA-SEYLER.png\",\"datePublished\":\"2022-11-09T20:32:57+00:00\",\"dateModified\":\"2025-10-24T11:33:33+00:00\",\"breadcrumb\":{\"@id\":\"https:\\\/\\\/www.buleks.com\\\/?page_id=58#breadcrumb\"},\"inLanguage\":\"tr\",\"potentialAction\":[{\"@type\":\"ReadAction\",\"target\":[\"https:\\\/\\\/www.buleks.com\\\/?page_id=58\"]}]},{\"@type\":\"ImageObject\",\"inLanguage\":\"tr\",\"@id\":\"https:\\\/\\\/www.buleks.com\\\/?page_id=58#primaryimage\",\"url\":\"https:\\\/\\\/www.buleks.com\\\/wp-content\\\/uploads\\\/2022\\\/11\\\/EN-MODA-SEYLER.png\",\"contentUrl\":\"https:\\\/\\\/www.buleks.com\\\/wp-content\\\/uploads\\\/2022\\\/11\\\/EN-MODA-SEYLER.png\",\"width\":760,\"height\":430},{\"@type\":\"BreadcrumbList\",\"@id\":\"https:\\\/\\\/www.buleks.com\\\/?page_id=58#breadcrumb\",\"itemListElement\":[{\"@type\":\"ListItem\",\"position\":1,\"name\":\"Anasayfa\",\"item\":\"https:\\\/\\\/www.buleks.com\\\/\"},{\"@type\":\"ListItem\",\"position\":2,\"name\":\"E-T\u0130CARET\"}]},{\"@type\":\"WebSite\",\"@id\":\"https:\\\/\\\/www.buleks.com\\\/#website\",\"url\":\"https:\\\/\\\/www.buleks.com\\\/\",\"name\":\"BULEKS\",\"description\":\"\",\"publisher\":{\"@id\":\"https:\\\/\\\/www.buleks.com\\\/#organization\"},\"potentialAction\":[{\"@type\":\"SearchAction\",\"target\":{\"@type\":\"EntryPoint\",\"urlTemplate\":\"https:\\\/\\\/www.buleks.com\\\/?s={search_term_string}\"},\"query-input\":{\"@type\":\"PropertyValueSpecification\",\"valueRequired\":true,\"valueName\":\"search_term_string\"}}],\"inLanguage\":\"tr\"},{\"@type\":\"Organization\",\"@id\":\"https:\\\/\\\/www.buleks.com\\\/#organization\",\"name\":\"BULEKS\",\"url\":\"https:\\\/\\\/www.buleks.com\\\/\",\"logo\":{\"@type\":\"ImageObject\",\"inLanguage\":\"tr\",\"@id\":\"https:\\\/\\\/www.buleks.com\\\/#\\\/schema\\\/logo\\\/image\\\/\",\"url\":\"https:\\\/\\\/www.buleks.com\\\/wp-content\\\/uploads\\\/2022\\\/11\\\/cropped-Buleks-Imza-Golge.png\",\"contentUrl\":\"https:\\\/\\\/www.buleks.com\\\/wp-content\\\/uploads\\\/2022\\\/11\\\/cropped-Buleks-Imza-Golge.png\",\"width\":153,\"height\":113,\"caption\":\"BULEKS\"},\"image\":{\"@id\":\"https:\\\/\\\/www.buleks.com\\\/#\\\/schema\\\/logo\\\/image\\\/\"}}]}<\/script>\n<!-- \/ Yoast SEO plugin. -->","yoast_head_json":{"title":"E-T\u0130CARET - BULEKS","robots":{"index":"index","follow":"follow","max-snippet":"max-snippet:-1","max-image-preview":"max-image-preview:large","max-video-preview":"max-video-preview:-1"},"canonical":"https:\/\/www.buleks.com\/?page_id=58","og_locale":"tr_TR","og_type":"article","og_title":"E-T\u0130CARET - BULEKS","og_description":"2018 Y\u0131l\u0131nda ba\u015flad\u0131\u011f\u0131m\u0131z e-ticaret yolculu\u011fumuzda enmodaseyler markam\u0131zla b\u00fcy\u00fcyoruz. T\u00fcrkiye\u2019nin en b\u00fcy\u00fck markalar\u0131 ile \u00e7al\u0131\u015f\u0131yoruz. T\u00fcrkiye\u2019nin en b\u00fcy\u00fck pazaryerlerinde ma\u011fazalar\u0131m\u0131z var. MA\u011eAZALARIMIZA YUKARIDAK\u0130 LOGOLARA TIKLAYARAK ULA\u015eAB\u0130L\u0130RS\u0130N\u0130Z&#8230;&#8230;.","og_url":"https:\/\/www.buleks.com\/?page_id=58","og_site_name":"BULEKS","article_modified_time":"2025-10-24T11:33:33+00:00","og_image":[{"width":760,"height":430,"url":"https:\/\/www.buleks.com\/wp-content\/uploads\/2022\/11\/EN-MODA-SEYLER.png","type":"image\/png"}],"twitter_card":"summary_large_image","twitter_misc":{"Tahmini okuma s\u00fcresi":"2 dakika"},"schema":{"@context":"https:\/\/schema.org","@graph":[{"@type":"WebPage","@id":"https:\/\/www.buleks.com\/?page_id=58","url":"https:\/\/www.buleks.com\/?page_id=58","name":"E-T\u0130CARET - BULEKS","isPartOf":{"@id":"https:\/\/www.buleks.com\/#website"},"primaryImageOfPage":{"@id":"https:\/\/www.buleks.com\/?page_id=58#primaryimage"},"image":{"@id":"https:\/\/www.buleks.com\/?page_id=58#primaryimage"},"thumbnailUrl":"https:\/\/www.buleks.com\/wp-content\/uploads\/2022\/11\/EN-MODA-SEYLER.png","datePublished":"2022-11-09T20:32:57+00:00","dateModified":"2025-10-24T11:33:33+00:00","breadcrumb":{"@id":"https:\/\/www.buleks.com\/?page_id=58#breadcrumb"},"inLanguage":"tr","potentialAction":[{"@type":"ReadAction","target":["https:\/\/www.buleks.com\/?page_id=58"]}]},{"@type":"ImageObject","inLanguage":"tr","@id":"https:\/\/www.buleks.com\/?page_id=58#primaryimage","url":"https:\/\/www.buleks.com\/wp-content\/uploads\/2022\/11\/EN-MODA-SEYLER.png","contentUrl":"https:\/\/www.buleks.com\/wp-content\/uploads\/2022\/11\/EN-MODA-SEYLER.png","width":760,"height":430},{"@type":"BreadcrumbList","@id":"https:\/\/www.buleks.com\/?page_id=58#breadcrumb","itemListElement":[{"@type":"ListItem","position":1,"name":"Anasayfa","item":"https:\/\/www.buleks.com\/"},{"@type":"ListItem","position":2,"name":"E-T\u0130CARET"}]},{"@type":"WebSite","@id":"https:\/\/www.buleks.com\/#website","url":"https:\/\/www.buleks.com\/","name":"BULEKS","description":"","publisher":{"@id":"https:\/\/www.buleks.com\/#organization"},"potentialAction":[{"@type":"SearchAction","target":{"@type":"EntryPoint","urlTemplate":"https:\/\/www.buleks.com\/?s={search_term_string}"},"query-input":{"@type":"PropertyValueSpecification","valueRequired":true,"valueName":"search_term_string"}}],"inLanguage":"tr"},{"@type":"Organization","@id":"https:\/\/www.buleks.com\/#organization","name":"BULEKS","url":"https:\/\/www.buleks.com\/","logo":{"@type":"ImageObject","inLanguage":"tr","@id":"https:\/\/www.buleks.com\/#\/schema\/logo\/image\/","url":"https:\/\/www.buleks.com\/wp-content\/uploads\/2022\/11\/cropped-Buleks-Imza-Golge.png","contentUrl":"https:\/\/www.buleks.com\/wp-content\/uploads\/2022\/11\/cropped-Buleks-Imza-Golge.png","width":153,"height":113,"caption":"BULEKS"},"image":{"@id":"https:\/\/www.buleks.com\/#\/schema\/logo\/image\/"}}]}},"_links":{"self":[{"href":"https:\/\/www.buleks.com\/index.php?rest_route=\/wp\/v2\/pages\/58","targetHints":{"allow":["GET"]}}],"collection":[{"href":"https:\/\/www.buleks.com\/index.php?rest_route=\/wp\/v2\/pages"}],"about":[{"href":"https:\/\/www.buleks.com\/index.php?rest_route=\/wp\/v2\/types\/page"}],"author":[{"embeddable":true,"href":"https:\/\/www.buleks.com\/index.php?rest_route=\/wp\/v2\/users\/1"}],"replies":[{"embeddable":true,"href":"https:\/\/www.buleks.com\/index.php?rest_route=%2Fwp%2Fv2%2Fcomments&post=58"}],"version-history":[{"count":35,"href":"https:\/\/www.buleks.com\/index.php?rest_route=\/wp\/v2\/pages\/58\/revisions"}],"predecessor-version":[{"id":1064,"href":"https:\/\/www.buleks.com\/index.php?rest_route=\/wp\/v2\/pages\/58\/revisions\/1064"}],"wp:attachment":[{"href":"https:\/\/www.buleks.com\/index.php?rest_route=%2Fwp%2Fv2%2Fmedia&parent=58"}],"curies":[{"name":"wp","href":"https:\/\/api.w.org\/{rel}","templated":true}]}}